{"id":12,"date":"2011-04-29T15:59:47","date_gmt":"2011-04-29T15:59:47","guid":{"rendered":"http:\/\/www.wiklunddojo.com\/?page_id=12"},"modified":"2019-02-25T07:34:08","modified_gmt":"2019-02-25T06:34:08","slug":"sensei","status":"publish","type":"page","link":"http:\/\/www.geflekyokushin.com\/?page_id=12","title":{"rendered":"Om oss"},"content":{"rendered":"<p style=\"text-align: center;\"><strong>Gefle&nbsp;Kyokushin&nbsp;IF \u00e4r en ideell f\u00f6rening som ut\u00f6var traditionell kyokushin karate.<\/strong><\/p>\n<p style=\"text-align: center;\">Det \u00e4r viktigt f\u00f6r oss att ha en bra barn &amp; ungdomsverksamhet p\u00e5 Gefle Kyokushin IF.<br \/>\nD\u00e4rf\u00f6r utbildar vi v\u00e5ra ledare tillsammans med SISU Idrottsutbildarna f\u00f6r b\u00e4sta resultat!<\/p>\n<p><strong><a href=\"http:\/\/www.geflekyokushin.com\/wp-content\/uploads\/2011\/04\/SISU1.jpg\"><img decoding=\"async\" loading=\"lazy\" width=\"203\" height=\"105\" class=\"aligncenter wp-image-1716\" alt=\"SISU1\" src=\"http:\/\/www.geflekyokushin.com\/wp-content\/uploads\/2011\/04\/SISU1-300x155.jpg\" srcset=\"http:\/\/www.geflekyokushin.com\/wp-content\/uploads\/2011\/04\/SISU1-300x155.jpg 300w, http:\/\/www.geflekyokushin.com\/wp-content\/uploads\/2011\/04\/SISU1-1024x530.jpg 1024w, http:\/\/www.geflekyokushin.com\/wp-content\/uploads\/2011\/04\/SISU1.jpg 1204w\" sizes=\"(max-width: 203px) 100vw, 203px\" \/><\/a><\/strong><\/p>\n<p><strong>&nbsp;KONTAKT<\/strong><\/p>\n<p>Gefle Kyokushin IF<\/p>\n<p>E-mail:&nbsp; <a href=\"mailto:info@geflekyokushin.com\">info@geflekyokushin.com<\/a><\/p>\n<p>&nbsp;<\/p>\n","protected":false},"excerpt":{"rendered":"<p>Gefle&nbsp;Kyokushin&nbsp;IF \u00e4r en ideell f\u00f6rening som ut\u00f6var traditionell kyokushin karate. Det \u00e4r viktigt f\u00f6r oss att ha en bra barn &amp; ungdomsverksamhet p\u00e5 Gefle Kyokushin IF. D\u00e4rf\u00f6r utbildar vi v\u00e5ra ledare tillsammans med SISU Idrottsutbildarna f\u00f6r b\u00e4sta resultat! &nbsp;KONTAKT Gefle Kyokushin IF E-mail:&nbsp; info@geflekyokushin.com &nbsp;<\/p>\n","protected":false},"author":1,"featured_media":0,"parent":0,"menu_order":11,"comment_status":"closed","ping_status":"open","template":"","meta":[],"_links":{"self":[{"href":"http:\/\/www.geflekyokushin.com\/index.php?rest_route=\/wp\/v2\/pages\/12"}],"collection":[{"href":"http:\/\/www.geflekyokushin.com\/index.php?rest_route=\/wp\/v2\/pages"}],"about":[{"href":"http:\/\/www.geflekyokushin.com\/index.php?rest_route=\/wp\/v2\/types\/page"}],"author":[{"embeddable":true,"href":"http:\/\/www.geflekyokushin.com\/index.php?rest_route=\/wp\/v2\/users\/1"}],"replies":[{"embeddable":true,"href":"http:\/\/www.geflekyokushin.com\/index.php?rest_route=%2Fwp%2Fv2%2Fcomments&post=12"}],"version-history":[{"count":22,"href":"http:\/\/www.geflekyokushin.com\/index.php?rest_route=\/wp\/v2\/pages\/12\/revisions"}],"predecessor-version":[{"id":2389,"href":"http:\/\/www.geflekyokushin.com\/index.php?rest_route=\/wp\/v2\/pages\/12\/revisions\/2389"}],"wp:attachment":[{"href":"http:\/\/www.geflekyokushin.com\/index.php?rest_route=%2Fwp%2Fv2%2Fmedia&parent=12"}],"curies":[{"name":"wp","href":"https:\/\/api.w.org\/{rel}","templated":true}]}}