{"id":14,"date":"2011-04-29T16:00:23","date_gmt":"2011-04-29T16:00:23","guid":{"rendered":"http:\/\/www.wiklunddojo.com\/?page_id=14"},"modified":"2011-04-29T18:21:49","modified_gmt":"2011-04-29T18:21:49","slug":"oyama","status":"publish","type":"page","link":"https:\/\/www.geflekyokushin.com\/?page_id=14","title":{"rendered":"Oyama"},"content":{"rendered":"<p><strong>Oyama, Masutatsu<\/strong><\/p>\n<p><strong><\/strong><img decoding=\"async\" loading=\"lazy\" class=\"alignleft\" src=\"http:\/\/www.wiklunddojo.com\/bilder\/DojoOathOyama.jpg\" alt=\"\" width=\"200\" height=\"233\" \/>Kyokushins grundare\u2028Masutatsu Oyama f\u00f6ddes den 27 juli 1923 i byn Wa-Ryongri Yong-chi-myonchul Na Do n\u00e4ra staden Kinje i sydv\u00e4stra Korea.<\/p>\n<p>Intresset f\u00f6r idrott v\u00e4cktes tidigt och han b\u00f6rjade redan vid 9-\u00e5rs\u00e5ldern med Kempo. Vid femton \u00e5rs \u00e5lder, 1938, flyttade han till Japan f\u00f6r universitetsstudier. Tanken var att utbilda sig till flygmekaniker, men den utbildningen avslutades aldrig. Han b\u00f6rjade \u00e4gna allt mer tid \u00e5t kampsport och pr\u00f6vade sig fram genom m\u00e5nga olika typer och stilar, d\u00e4ribland ocks\u00e5 judo.<\/p>\n<p>Efter att ha sett en karateuppvisning b\u00f6rjade han tr\u00e4na karate. Dojon drevs av Yoshitaka \u201dGiko\u201d Funakoshi, son till den legendariska Gichin Funakoshi, som introducerade karaten i Japan. Han graderade upp till nidan (2:ra dan). Oyama gjorde nu som m\u00e5nga f\u00f6re honom gjort. Han s\u00f6kte upp andra m\u00e4stare f\u00f6r att l\u00e4ra sig mer om olika stilar och l\u00e4ra sig hur olika m\u00e4stare t\u00e4nker. Nu s\u00f6kte han upp en av d\u00e5tidens st\u00f6rste m\u00e4stare, Sodeiju och b\u00f6rjade tr\u00e4na hos honom. H\u00e4r gradera han till Yondan (4:e dan), innan han anm\u00e4lde sig till flygvapnet i slutet av andra v\u00e4rldskriget.<\/p>\n<p>Efter kriget tillbringade han tre m\u00e5nader p\u00e5 berget Minobu, f\u00f6r att tr\u00e4na. Han bodde isolerad i ett tempel. Efter denna intensiva period av tr\u00e4ning deltog han i \u201dall-japanska m\u00e4sterskapen\u201d, d\u00e5 som nu en av de st\u00f6rsta kampsportst\u00e4vlingarna. Han vann t\u00e4vlingen \u00f6verl\u00e4gset. Efter detta best\u00e4mde han sig att \u00e4gna resten av sitt liv \u00e5t karate.<\/p>\n<p>Han fl\u00e4tade samman de b\u00e4sta och kraftfullaste teknikerna fr\u00e5n de olika stilar han tidigare tr\u00e4nat och skapade Kyokushinkai. Kyokushin betyder \u201dden yttersta sanningen\u201d, kai betyder \u201df\u00f6rening eller grupp\u201d. \u00c5ret var 1948, Oyama var 25 \u00e5r gammal. I samband med detta drog han sig \u00e5ter upp i bergen, denna g\u00e5ng till Kiyozumi, i Chiba-provinsen. H\u00e4r tillbringade han tv\u00e5 \u00e5r av h\u00e5rd tr\u00e4ning i sin str\u00e4van att finslipa kyokushinkai till kraftfullaste och effektivaste stilen som funnits. Han bodde i en liten hydda som han byggt sj\u00e4lv och livn\u00e4rde sig p\u00e5 det som v\u00e4xte i n\u00e4rheten. Allteftersom tiden gick utvecklades han allt starkare, b\u00e5de fysiskt och psykiskt, med m\u00e5nga timmars tr\u00e4ning och meditation varje dag.<\/p>\n<p>I slutet av 1949 \u00e5terv\u00e4nde han fr\u00e5n bergen och bosatte sig i n\u00e4rheten av ett slakteri. H\u00e4r fick han tillf\u00e4lle och m\u00f6jlighet att testa kraften i sina tekniker p\u00e5 n\u00e5gra tjurar som v\u00e4ntade p\u00e5 slakt. 1952 \u00e5kte han p\u00e5 turn\u00e9 till Amerika, med uppvisningar och uppvisningsmatcher. Under denna turn\u00e9 blev han utmanad av m\u00e4ngder av olika brottare, boxare etc. vilka han besegrade med l\u00e4tthet. 1953 blev han kontaktad av ett japanskt filmbolag som ville filma en match mot en tjur, vilket han accepterade. Oyama v\u00e4gde 82 kg mot tjurens 450 kg, och dessutom utrustad med tv\u00e5 spetsiga horn med fyra tums diameter. Matchen varade i \u00f6ver trettio minuter, vid ett tillf\u00e4lle fick han magen intryckt och rispad av ett horn, vilket inte stoppade honom fr\u00e5n att till slut f\u00e4lla tjuren och sl\u00e5 av den hornen. Efter detta gick han ett flertal matcher mot tjurar och besegrade dem alla p\u00e5 det ena eller det andra s\u00e4ttet.<\/p>\n<p>Kyokushinkai \u00e4r en karatestil d\u00e4r grundtekniker och former h\u00e4mtats fr\u00e5n traditionell karate, medan fightingteknikerna har utvecklats med inslag fr\u00e5n kinesiska kampstilar.<\/p>\n<p>Oyama startade sin f\u00f6rsta karategrupp i mitten av 50- talet. Dojon kom att ligga bredvid Rikkyouniversitetet i Mejiro, Tokyo. Huvudinstrukt\u00f6rerna vid dojon var K. Mizushima och E. Yasuda. 1965 grundades den internationella karate organisationen IKO. Organisationen Kyokushin instiftades sedan under en tempelceremoni p\u00e5 toppen av berget Mitsumine-san. Fram till idag har stilen spridits och etablerats i mer \u00e4n 70 l\u00e4nder och r\u00e4knar idag ca 12 miljoner ut\u00f6vare.<\/p>\n<p>Kyokushinkai introducerades i Sverige p\u00e5 sextiotalet av Attila M\u00e9sz\u00e1ros som d\u00e5 startade G\u00f6teborgs Karate Kai. Idag finns h\u00e4r ett 30-tal klubbar och ca 2000 ut\u00f6vare.<\/p>\n<p>Oyama r\u00e4knas till en av karatens centralgestalter och dess fr\u00e4mste fighter n\u00e5gonsin, han har aldrig blivit besegrad i kamp. Fighting har alltid varit central i kyokushin, d\u00e4r vilja och kraft alltid har betonats. Sosai Oyama formade sin teknik p\u00e5 principen om punkten och cirkeln, vilket finns i symbolen f\u00f6r Kyokushinkai &#8211; Kanku.<\/p>\n<p>Kanku har sitt ursprung i kanku kata, som bokstavligt \u00f6versatt betyder himmelsbetraktande form. Katan inleds med att man h\u00e5ller upp armarna och l\u00e5ter pekfingrarna och tummarna skapa en cirkel f\u00f6r att sedan m\u00f6tas. Blicken riktas sedan genom mitten f\u00f6r att fokusera p\u00e5 en andlig och kroppslig f\u00f6rening.<\/p>\n<p>Spetsarna i kanku-symbolen visar fingertopparnas m\u00f6te och symboliserar smidighet, det slutgiltiga eller h\u00f6jdpunkten. De tjockare delarna visar handlederna och symboliserar kraft eller styrka; mitten visar \u00f6ppningen mellan h\u00e4nderna och symboliserar o\u00e4ndligheten eller djup. Den inre och yttre cirkeln symboliserar kontinuitet och den cirkul\u00e4ra r\u00f6relsen.<\/p>\n<p>Oyamas plan var att bygga en stor Honbu dojo, dit alla kyokushinelever ifr\u00e5n hela v\u00e4rlden skulle kunna komma och tr\u00e4na Bushido, \u201dkrigarens v\u00e4g\u201d. Dojon stod klar kort f\u00f6re hans d\u00f6d den 24 maj 1994.<\/p>\n<p>Kyokushinkai \u00e4r en fullkontaktskarate d\u00e4r disciplin, respekt och uppskattning \u00e4r viktiga begrepp. Egenskaper som styrka, smidighet och koordination \u00e4r viktiga. Du ska inte vara med p\u00e5 ett tr\u00e4ningspass om du inte \u00e4r beredd att g\u00f6ra ditt b\u00e4sta. Att tr\u00e4na ska vara som att bestiga en klippa, att st\u00e4ndigt forts\u00e4tta upp\u00e5t utan att ge upp.<\/p>\n","protected":false},"excerpt":{"rendered":"<p>Oyama, Masutatsu Kyokushins grundare\u2028Masutatsu Oyama f\u00f6ddes den 27 juli 1923 i byn Wa-Ryongri Yong-chi-myonchul Na Do n\u00e4ra staden Kinje i sydv\u00e4stra Korea. Intresset f\u00f6r idrott v\u00e4cktes tidigt och han b\u00f6rjade redan vid 9-\u00e5rs\u00e5ldern med Kempo. Vid femton \u00e5rs \u00e5lder, 1938, flyttade han till Japan f\u00f6r universitetsstudier. Tanken var att utbilda sig till flygmekaniker, men den [&hellip;]<\/p>\n","protected":false},"author":1,"featured_media":0,"parent":0,"menu_order":5,"comment_status":"closed","ping_status":"open","template":"","meta":[],"_links":{"self":[{"href":"https:\/\/www.geflekyokushin.com\/index.php?rest_route=\/wp\/v2\/pages\/14"}],"collection":[{"href":"https:\/\/www.geflekyokushin.com\/index.php?rest_route=\/wp\/v2\/pages"}],"about":[{"href":"https:\/\/www.geflekyokushin.com\/index.php?rest_route=\/wp\/v2\/types\/page"}],"author":[{"embeddable":true,"href":"https:\/\/www.geflekyokushin.com\/index.php?rest_route=\/wp\/v2\/users\/1"}],"replies":[{"embeddable":true,"href":"https:\/\/www.geflekyokushin.com\/index.php?rest_route=%2Fwp%2Fv2%2Fcomments&post=14"}],"version-history":[{"count":4,"href":"https:\/\/www.geflekyokushin.com\/index.php?rest_route=\/wp\/v2\/pages\/14\/revisions"}],"predecessor-version":[{"id":69,"href":"https:\/\/www.geflekyokushin.com\/index.php?rest_route=\/wp\/v2\/pages\/14\/revisions\/69"}],"wp:attachment":[{"href":"https:\/\/www.geflekyokushin.com\/index.php?rest_route=%2Fwp%2Fv2%2Fmedia&parent=14"}],"curies":[{"name":"wp","href":"https:\/\/api.w.org\/{rel}","templated":true}]}}