{"id":167,"date":"2011-05-08T19:13:24","date_gmt":"2011-05-08T17:13:24","guid":{"rendered":"http:\/\/www.wiklunddojo.com\/?page_id=167"},"modified":"2011-05-21T08:41:48","modified_gmt":"2011-05-21T06:41:48","slug":"dojoetikett","status":"publish","type":"page","link":"https:\/\/www.geflekyokushin.com\/?page_id=167","title":{"rendered":"Dojoetikett"},"content":{"rendered":"<p style=\"text-align: center;\"><strong>Dojoetikett \u00e4r regler inom Kyokushin som skapar respekt, h\u00f6vlighet och som ger f\u00f6ruts\u00e4ttningar f\u00f6r en stark och inspirerande tr\u00e4ning i dojon (tr\u00e4ningslokalen).<\/strong><\/p>\n<ol>\n<li>Visa v\u00f6rdnad f\u00f6r l\u00e4rare, kamrater och karatekonsten. Skada inte   karatens anseende genom ol\u00e4mpligt tal eller upptr\u00e4dande. G\u00e4ller \u00e4ven  utanf\u00f6r klubben.<\/li>\n<li>N\u00e4r man kommer in i dojon, st\u00e5r man upp och h\u00e4lsar reglementsenligt. Det samma g\u00e4ller n\u00e4r man l\u00e4mnar dojon.<\/li>\n<li>Alla h\u00e4lsningar ledsagas av ordet OSU, som \u00e4r en internationell Kyokushin h\u00e4lsning; det uttalas h\u00f6gt och tydligt. Ordet kan ocks\u00e5 anv\u00e4ndas till att visa att man har f\u00f6rst\u00e5tt det instrukt\u00f6ren har sagt och skall allts\u00e5 anv\u00e4ndas i st\u00e4llet f\u00f6r ja.<\/li>\n<li>Kommer man f\u00f6r sent till tr\u00e4ningen g\u00e5r man in i dojon och s\u00e4ger OSU, s\u00e4tter sig ner i seiza med ryggen mot klassen och v\u00e4ntar med \u00f6gonen st\u00e4ngda i mokuso. N\u00e4r man f\u00e5tt tills\u00e4gelse fr\u00e5n instrukt\u00f6ren bugar man en g\u00e5ng till och s\u00e4ger OSU och st\u00e4ller sig l\u00e4ngst bak ledet.<\/li>\n<li>Innan man kommer in i dojon, skall dr\u00e4kten vara p\u00e5satt ordentligt och b\u00e4ltet knutet.<\/li>\n<li>Ingen elev f\u00e5r l\u00e4mna dojon utan att f\u00f6rst ha h\u00e4nv\u00e4nt sig till instrukt\u00f6ren.<\/li>\n<li>Tugga tuggummi, \u00e4ta eller dricka i dojon \u00e4r f\u00f6rbjudet. Att sjunga och vissla likas\u00e5.<\/li>\n<li>Finger- och t\u00e5naglar skall alltid vara kortklippta, f\u00f6r att undvika skador. F\u00f6tter, naglar och h\u00e4nder skall vara rena.<\/li>\n<li>Mobiltelefon eller persons\u00f6kare st\u00e4ngs alltid av innan man g\u00e5r in i dojon.<\/li>\n<li>Halskedjor, armband, ringar etc. f\u00e5r inte b\u00e4ras under tr\u00e4ningen.<\/li>\n<li>Dojon f\u00e5r ej betr\u00e4das med skor.<\/li>\n<li>I dojon kr\u00e4vs ett korrekt upptr\u00e4dande, samt att instrukt\u00f6rens anvisningar f\u00f6ljs. Det l\u00e4ggs stor vikt p\u00e5 en god och stark tr\u00e4ningsinsats och en respektfull inst\u00e4llning till karaten.<\/li>\n<li>Om dr\u00e4kten eller b\u00e4ltet g\u00e5r upp under tr\u00e4ning, skall man s\u00e4tta sig ner i seiza.<\/li>\n<li>Under tr\u00e4ning skall man inte tala med varandra. Vill man fr\u00e5ga om n\u00e5got skall man r\u00e4cka upp en hand och v\u00e4nta tills instrukt\u00f6ren ser det.<\/li>\n<li>Uppst\u00e4llning i dojon skall alltid ske i gradordning, med de h\u00f6gst graderade l\u00e4ngst framme till h\u00f6ger.<\/li>\n<li>Tilltala alltid instrukt\u00f6ren Senpai, Sensei eller Shihan.<\/li>\n<\/ol>\n","protected":false},"excerpt":{"rendered":"<p>Dojoetikett \u00e4r regler inom Kyokushin som skapar respekt, h\u00f6vlighet och som ger f\u00f6ruts\u00e4ttningar f\u00f6r en stark och inspirerande tr\u00e4ning i dojon (tr\u00e4ningslokalen). Visa v\u00f6rdnad f\u00f6r l\u00e4rare, kamrater och karatekonsten. Skada inte karatens anseende genom ol\u00e4mpligt tal eller upptr\u00e4dande. G\u00e4ller \u00e4ven utanf\u00f6r klubben. N\u00e4r man kommer in i dojon, st\u00e5r man upp och h\u00e4lsar reglementsenligt. Det [&hellip;]<\/p>\n","protected":false},"author":2,"featured_media":0,"parent":0,"menu_order":10,"comment_status":"closed","ping_status":"open","template":"","meta":[],"_links":{"self":[{"href":"https:\/\/www.geflekyokushin.com\/index.php?rest_route=\/wp\/v2\/pages\/167"}],"collection":[{"href":"https:\/\/www.geflekyokushin.com\/index.php?rest_route=\/wp\/v2\/pages"}],"about":[{"href":"https:\/\/www.geflekyokushin.com\/index.php?rest_route=\/wp\/v2\/types\/page"}],"author":[{"embeddable":true,"href":"https:\/\/www.geflekyokushin.com\/index.php?rest_route=\/wp\/v2\/users\/2"}],"replies":[{"embeddable":true,"href":"https:\/\/www.geflekyokushin.com\/index.php?rest_route=%2Fwp%2Fv2%2Fcomments&post=167"}],"version-history":[{"count":2,"href":"https:\/\/www.geflekyokushin.com\/index.php?rest_route=\/wp\/v2\/pages\/167\/revisions"}],"predecessor-version":[{"id":246,"href":"https:\/\/www.geflekyokushin.com\/index.php?rest_route=\/wp\/v2\/pages\/167\/revisions\/246"}],"wp:attachment":[{"href":"https:\/\/www.geflekyokushin.com\/index.php?rest_route=%2Fwp%2Fv2%2Fmedia&parent=167"}],"curies":[{"name":"wp","href":"https:\/\/api.w.org\/{rel}","templated":true}]}}